{"id":1564,"date":"2025-10-03T19:47:04","date_gmt":"2025-10-03T17:47:04","guid":{"rendered":"https:\/\/destination-sports-outdoor.fr\/?page_id=1564"},"modified":"2025-10-05T15:24:49","modified_gmt":"2025-10-05T13:24:49","slug":"a-propos","status":"publish","type":"page","link":"https:\/\/destination-sports-outdoor.fr\/index.php\/a-propos\/","title":{"rendered":"\u00c0 propos"},"content":{"rendered":"\n<p>Bienvenue chez <strong>Destination Sports Outdoor<\/strong> !<\/p>\n\n\n\n<p>Qui suis-je<\/p>\n\n\n\n<p>Je m\u2019appelle J\u00e9r\u00e9my, passionn\u00e9 de sport depuis toujours. Depuis mon plus jeune \u00e2ge, le sport a rythm\u00e9 ma vie et m\u2019a accompagn\u00e9 dans toutes ses \u00e9tapes.<\/p>\n\n\n\n<p>Tout a commenc\u00e9 avec le football amateur, que j\u2019ai pratiqu\u00e9 pendant une vingtaine d\u2019ann\u00e9es. Le ballon m\u2019a appris la rigueur, l\u2019esprit d\u2019\u00e9quipe et le go\u00fbt de l\u2019effort. Mais peu \u00e0 peu, ma curiosit\u00e9 m\u2019a pouss\u00e9 \u00e0 explorer d\u2019autres horizons sportifs\u2026<\/p>\n\n\n\n<p>C\u2019est ainsi que j\u2019ai d\u00e9couvert la course \u00e0 pied, puis le trail et plus largement les sports de plein air. Ce fut une v\u00e9ritable r\u00e9v\u00e9lation. La nature, l\u2019effort, le d\u00e9passement de soi, mais aussi la libert\u00e9 et la s\u00e9r\u00e9nit\u00e9 qu\u2019on y trouve : tout cela m\u2019a fait tomber amoureux de cette pratique.<\/p>\n\n\n\n<p>\u00c0 partir de ce moment-l\u00e0, ma vie a pris un nouveau tournant : j\u2019ai d\u00e9cid\u00e9 d\u2019en faire mon m\u00e9tier. Dipl\u00f4m\u00e9 en animation de loisirs sportifs, j\u2019ai cr\u00e9\u00e9 Destination Sports Outdoor pour partager ma passion avec le plus grand nombre.<\/p>\n\n\n\n<p>Install\u00e9 dans l\u2019Indre, au c\u0153ur du Parc naturel r\u00e9gional de la Brenne, entre les trois vall\u00e9es du Suin, de la Creuse et de l\u2019Anglin, je propose des activit\u00e9s sportives en pleine nature, dans un environnement pr\u00e9serv\u00e9 et authentique, parfait pour la d\u00e9connexion et l\u2019aventure.<\/p>\n\n\n\n<p>Mon objectif est simple : permettre \u00e0 chacun, quel que soit son niveau, de d\u00e9couvrir ou red\u00e9couvrir les bienfaits du sport en plein air. Ici, pas de chronom\u00e8tre stressant ni de comp\u00e9tition acharn\u00e9e mais dans une ambiance conviviale, bienveillante et motivante. Juste l&rsquo;envie de bouger, respirer, de d\u00e9passer \u00e0 son rythme et partager de beaux moments sportifs au c\u0153ur de la nature, avec Destination Sports Outdoor<br><\/p>\n\n\n\n<p><lu><strong>Ce que je propose :<\/strong><\/lu><\/p>\n\n\n\n<ul>\n<li><strong>Randonn\u00e9e \u2013 Rando Forme Sant\u00e9<\/strong> : pour marcher, respirer, se ressourcer et prendre soin de soi.<\/li>\n<li><strong>Trail \u2013 Rando Course<\/strong> : labellis\u00e9 <em>\u00c9cole de Trail<\/em>, j\u2019accompagne petits et grands dans la d\u00e9couverte ou le perfectionnement de la course nature.<\/li>\n<li><strong>VTT Fatbike \u2013 Rando XXL <\/strong>: pour rouler autrement et explorer les sentiers avec fun et sensations.<\/li>\n<li><strong>S\u00e9jours sportifs <\/strong>: que tu veuilles t\u2019immerger dans une seule activit\u00e9 ou au contraire varier les plaisirs en combinant randonn\u00e9e, trail et VTT, je propose des s\u00e9jours sur mesure, toujours dans une ambiance conviviale et pleine de bonne humeur.<\/li>\n<\/ul>\n\n\n\n<p><strong>Pour qui ?<\/strong><\/p>\n\n\n\n<p>Pour tout le monde ! Que tu sois d\u00e9butant curieux, sportif confirm\u00e9, petit explorateur ou grand aventurier, il y a forc\u00e9ment une activit\u00e9 qui te ressemble.<\/p>\n\n\n\n<p>Chez <strong>Destination Sports Outdoor<\/strong>, le sport rime avec plaisir, d\u00e9couverte et partage. Alors\u2026 tu viens respirer un grand bol d\u2019air avec moi ?<\/p>\n\n\n\n<p><\/p>\n","protected":false},"excerpt":{"rendered":"<p>Bienvenue chez Destination Sports Outdoor ! Qui suis-je Je m\u2019appelle J\u00e9r\u00e9my, passionn\u00e9 de sport depuis toujours. Depuis mon plus jeune \u00e2ge, le sport a rythm\u00e9 ma vie et m\u2019a accompagn\u00e9 &#8230;<\/p>\n","protected":false},"author":1,"featured_media":0,"parent":0,"menu_order":0,"comment_status":"closed","ping_status":"closed","template":"","meta":{"footnotes":""},"class_list":["post-1564","page","type-page","status-publish","hentry"],"_links":{"self":[{"href":"https:\/\/destination-sports-outdoor.fr\/index.php\/wp-json\/wp\/v2\/pages\/1564","targetHints":{"allow":["GET"]}}],"collection":[{"href":"https:\/\/destination-sports-outdoor.fr\/index.php\/wp-json\/wp\/v2\/pages"}],"about":[{"href":"https:\/\/destination-sports-outdoor.fr\/index.php\/wp-json\/wp\/v2\/types\/page"}],"author":[{"embeddable":true,"href":"https:\/\/destination-sports-outdoor.fr\/index.php\/wp-json\/wp\/v2\/users\/1"}],"replies":[{"embeddable":true,"href":"https:\/\/destination-sports-outdoor.fr\/index.php\/wp-json\/wp\/v2\/comments?post=1564"}],"version-history":[{"count":8,"href":"https:\/\/destination-sports-outdoor.fr\/index.php\/wp-json\/wp\/v2\/pages\/1564\/revisions"}],"predecessor-version":[{"id":1629,"href":"https:\/\/destination-sports-outdoor.fr\/index.php\/wp-json\/wp\/v2\/pages\/1564\/revisions\/1629"}],"wp:attachment":[{"href":"https:\/\/destination-sports-outdoor.fr\/index.php\/wp-json\/wp\/v2\/media?parent=1564"}],"curies":[{"name":"wp","href":"https:\/\/api.w.org\/{rel}","templated":true}]}}